{"id":2700,"date":"2023-06-06T11:40:32","date_gmt":"2023-06-06T11:40:32","guid":{"rendered":"https:\/\/wwfbrand.panda.org\/tone-of-voice\/"},"modified":"2024-02-21T02:21:40","modified_gmt":"2024-02-21T02:21:40","slug":"tone-of-voice","status":"publish","type":"page","link":"https:\/\/wwfbrand.panda.org\/fr\/tone-of-voice\/","title":{"rendered":"ton de voix"},"content":{"rendered":"\n<div class=\"wp-block-greenshift-blocks-container alignfull gspb_container gspb_container-gsbp-f225c6da-a3a5\" id=\"gspb_container-id-gsbp-f225c6da-a3a5\">\n<div class=\"wp-block-greenshift-blocks-container alignfull gspb_container gspb_container-gsbp-01963959-c67e\" id=\"gspb_container-id-gsbp-01963959-c67e\">\n<div class=\"wp-block-greenshift-blocks-container gspb_container gspb_container-gsbp-b1fc8472-3bd8\" id=\"gspb_container-id-gsbp-b1fc8472-3bd8\">\n<div class=\"wp-block-greenshift-blocks-container gspb_container gspb_container-gsbp-535659e0-2e94\" id=\"gspb_container-id-gsbp-535659e0-2e94\">\n<h1 id=\"gspb_heading-id-gsbp-a5f5e9ec-8661\" class=\"gspb_heading gspb_heading-id-gsbp-a5f5e9ec-8661 \">SOIGNER NOS MOTS<\/h1>\n<\/div>\n<\/div>\n\n\n\n<div id=\"gspb_text-id-gsbp-1f47a0b5-16bb\" class=\"gspb_text gspb_text-id-gsbp-1f47a0b5-16bb figure-caption\">\u00a9 Thomas Cristofoletti \/ WWF-US<\/div>\n<\/div>\n\n\n\n<div class=\"wp-block-greenshift-blocks-container alignfull gspb_container gspb_container-gsbp-ed669bd5-2816\" id=\"gspb_container-id-gsbp-ed669bd5-2816\">\n<div class=\"wp-block-greenshift-blocks-container gspb_container gspb_container-gsbp-7be1c4dc-ef5a\" id=\"gspb_container-id-gsbp-7be1c4dc-ef5a\">\n<div class=\"wp-block-greenshift-blocks-container gspb_container gspb_container-gsbp-6ef0f675-2166\" id=\"gspb_container-id-gsbp-6ef0f675-2166\">\n<h2 id=\"gspb_heading-id-gsbp-b81da035-749b\" class=\"p lead gspb_heading gspb_heading-id-gsbp-b81da035-749b \">La fa\u00e7on dont vous \u00e9crivez et parlez rev\u00eat une importance capitale pour le WWF. Soigner son expression, c&rsquo;est s&rsquo;assurer que vous et votre cause soient bien compris et changent les c\u0153urs comme les esprits.<\/h2>\n<\/div>\n<\/div>\n<\/div>\n\n\n\n<div class=\"wp-block-greenshift-blocks-container alignfull gspb_container gspb_container-gsbp-ab4ce6fd-6606\" id=\"gspb_container-id-gsbp-ab4ce6fd-6606\">\n<div class=\"wp-block-greenshift-blocks-container gspb_container gspb_container-gsbp-2c6102b0-28b1\" id=\"gspb_container-id-gsbp-2c6102b0-28b1\">\n<div id=\"gspb_text-id-gsbp-6f6c1ab0-36a3\" class=\"gspb_text gspb_text-id-gsbp-6f6c1ab0-36a3 figure-caption\">\u00a9 WWF-Singapore<\/div>\n<\/div>\n\n\n\n<div class=\"wp-block-greenshift-blocks-container gspb_container gspb_container-gsbp-1e345bb6-c27e\" id=\"gspb_container-id-gsbp-1e345bb6-c27e\">\n<div class=\"wp-block-greenshift-blocks-container gspb_container gspb_container-gsbp-4e3b3eef-d0c6\" id=\"gspb_container-id-gsbp-4e3b3eef-d0c6\">\n<h2 id=\"gspb_heading-id-gsbp-51998dc1-288c\" class=\"gspb_heading gspb_heading-id-gsbp-51998dc1-288c \">FAIRE ENTENDRE NOTRE VOIX<\/h2>\n\n\n\n<p id=\"gspb_text-id-gsbp-9cfa8557-0572\" class=\"gspb_text gspb_text-id-gsbp-9cfa8557-0572 \">Les principes suivants vous permettront de savoir employer vos mots mieux que jamais. N&rsquo;oubliez pas que ces principes s&rsquo;appliquent diff\u00e9remment selon votre public et le contenu de vos propos. \u00c0 titre d&rsquo;exemple, vous ne vous exprimerez pas de la m\u00eame mani\u00e8re dans un rapport technique destin\u00e9 \u00e0 des repr\u00e9sentants gouvernementaux et dans un e-mail adress\u00e9 \u00e0 des adh\u00e9rents pour les remercier de leur soutien.<\/p>\n<\/div>\n<\/div>\n<\/div>\n\n\n\n<div class=\"wp-block-greenshift-blocks-container gspb_container gspb_container-gsbp-3999f9ef-e942\" id=\"gspb_container-id-gsbp-3999f9ef-e942\">\n<div class=\"wp-block-greenshift-blocks-container alignfull gspb_container gspb_container-gsbp-8a7099d7-363a\" id=\"gspb_container-id-gsbp-8a7099d7-363a\">\n<div class=\"wp-block-greenshift-blocks-container gspb_container gspb_container-gsbp-2d29ed6e-f194\" id=\"gspb_container-id-gsbp-2d29ed6e-f194\">\n<h3 id=\"gspb_heading-id-gsbp-940a3bdf-31d3\" class=\"gspb_heading gspb_heading-id-gsbp-940a3bdf-31d3 \">SOYEZ CLAIR<\/h3>\n\n\n\n<div id=\"gspb_text-id-gsbp-9ebf161c-65ee\" class=\"gspb_text gspb_text-id-gsbp-9ebf161c-65ee \"><strong>Vos paroles doivent \u00eatre <strong>Vos propos doivent \u00eatre compris.<\/strong>.<\/strong><\/div>\n\n\n\n<div id=\"gspb_text-id-gsbp-e641c61b-a3b1\" class=\"gspb_text gspb_text-id-gsbp-e641c61b-a3b1 \">Pensez \u00e0 votre public et aux moyens de bien vous faire comprendre de lui. Il existe de nombreuses r\u00e8gles permettant d&rsquo;\u00e9crire et de parler clairement : se contenter de dire ce qu&rsquo;il faut dire, expliquer le jargon, simplifier les phrases au maximum, insister sur les informations cl\u00e9s, et se montrer pr\u00e9cis et coh\u00e9rent dans l&#8217;emploi des mots. Notre guide de style r\u00e9dactionnel constitue \u00e0 ce titre une excellente ressource : les lignes directrices qu&rsquo;il contient portent sur les aspects les plus divers, de l&rsquo;orthographe, la grammaire et la ponctuation \u00e0 l&rsquo;expression des nombres, dates et mesures.<\/div>\n<\/div>\n\n\n\n<div class=\"wp-block-greenshift-blocks-container gspb_container gspb_container-gsbp-019d56e9-72bd\" id=\"gspb_container-id-gsbp-019d56e9-72bd\">\n<h3 id=\"gspb_heading-id-gsbp-afaed5ca-80f8\" class=\"gspb_heading gspb_heading-id-gsbp-afaed5ca-80f8 \">SOYEZ ORIGINAL<\/h3>\n\n\n\n<div id=\"gspb_text-id-gsbp-85f65b1b-7953\" class=\"gspb_text gspb_text-id-gsbp-85f65b1b-7953 \"><strong><strong>Vos propos doivent changer les c\u0153urs et les esprits. Attirez l&rsquo;attention des gens et justifiez votre action avec conviction.<\/strong><\/strong><\/div>\n\n\n\n<div id=\"gspb_text-id-gsbp-8943df16-fdb6\" class=\"gspb_text gspb_text-id-gsbp-8943df16-fdb6 \">Le WWF tient beaucoup \u00e0 la r\u00e9putation que nous avons acquise en mati\u00e8re de v\u00e9rification des faits. Pour autant, les faits ne font pas \u00e9voluer la fa\u00e7on de penser et d&rsquo;agir des individus : seules des histoires captivantes \u00e9tay\u00e9es de preuves solides y parviennent. \u00c0 vous, par cons\u00e9quent, d&rsquo;endosser plus souvent le costume de conteur : attirez l&rsquo;attention des gens, donnez forme au probl\u00e8me concern\u00e9, et faites-leur vivre un parcours stimulant.<\/div>\n<\/div>\n\n\n\n<div class=\"wp-block-greenshift-blocks-container gspb_container gspb_container-gsbp-a9d2244f-7723\" id=\"gspb_container-id-gsbp-a9d2244f-7723\">\n<h3 id=\"gspb_heading-id-gsbp-e25afd11-723a\" class=\"gspb_heading gspb_heading-id-gsbp-e25afd11-723a \">SOyez HUMAIN<\/h3>\n\n\n\n<div id=\"gspb_text-id-gsbp-3ef3042d-3ecb\" class=\"gspb_text gspb_text-id-gsbp-3ef3042d-3ecb \"><strong><strong>Vos propos doivent \u00eatre cr\u00e9dibles. Parlez authentiquement, pas comme un robot.<\/strong><\/strong><\/div>\n\n\n\n<div id=\"gspb_text-id-gsbp-329584e7-9975\" class=\"gspb_text gspb_text-id-gsbp-329584e7-9975 \">Trop souvent, les gens s&rsquo;expriment d&rsquo;une mani\u00e8re qui ne semble pas naturelle, ce qui les fait passer pour hypocrites, ou pire, antipathiques. Il est donc particuli\u00e8rement important de parler authentiquement avec le public, surtout \u00e0 une \u00e9poque d&rsquo;\u00e9rosion de la confiance dans les m\u00e9dias, les gouvernements et les organisations. Au moment de pr\u00e9parer son discours, il peut \u00eatre utile de se mettre en situation en s&rsquo;imaginant tenir une conversation avec une autre personne.<\/div>\n<\/div>\n\n\n\n<div class=\"wp-block-greenshift-blocks-container gspb_container gspb_container-gsbp-25a6b502-477e\" id=\"gspb_container-id-gsbp-25a6b502-477e\">\n<div class=\"wp-block-greenshift-blocks-button gspb_button_wrapper gspb_button-id-gsbp-e65e3369-1c72 wwf-button-main btn-lg btn-black\" id=\"gspb_button-id-gsbp-e65e3369-1c72\"><a class=\"gspb-buttonbox\" href=\"\/wp-content\/uploads\/2023\/07\/WWF_International_Editorial_Style_Guide_2022.pdf\" rel=\"noopener\"><span class=\"gspb-buttonbox-textwrap\"><span class=\"gspb-buttonbox-text\"><span class=\"gspb-buttonbox-title\">T\u00c9L\u00c9CHARGER LES LIGNES DIRECTRICES R\u00c9DACTIONNELLES<\/span><\/span><span class=\"gspb-buttonbox-icon\"><svg xmlns=\"http:\/\/www.w3.org\/2000\/svg\" style=\"width:5rem;height:5rem;margin:10px\" height=\"34.812\" viewBox=\"0 0 33.667 34.812\" width=\"33.667\"><g fill=\"#fff\"><path d=\"m40.893 17.67v23.495l-7.372-6.883-1.511 1.627 9.99 9.328 10-9.328-1.517-1.628-7.372 6.883v-23.494z\" transform=\"translate(-25.171 -17.67)\"><\/path><path d=\"m53.367 34h-10.167v2.222h7.945v21.295h-29.223v-20.739h7.945v-2.222h-10.167v25.183h33.667z\" transform=\"translate(-19.7 -24.928)\"><\/path><\/g><\/svg><\/span><\/span><\/a><\/div>\n<\/div>\n<\/div>\n<\/div>\n\n\n\n<div class=\"wp-block-greenshift-blocks-container gspb_container gspb_container-gsbp-00a47c90-f1e2\" id=\"gspb_container-id-gsbp-00a47c90-f1e2\">\n<div id=\"gspb_text-id-gsbp-4c9dd0b5-c91e\" class=\"gspb_text gspb_text-id-gsbp-4c9dd0b5-c91e figure-caption\">\u00a9 WWF-US \/ Keith Arnold<\/div>\n<\/div>\n\n\n\n<div class=\"wp-block-greenshift-blocks-container alignfull gspb_container gspb_container-gsbp-97a55951-6723\" id=\"gspb_container-id-gsbp-97a55951-6723\">\n<div class=\"wp-block-greenshift-blocks-container gspb_container gspb_container-gsbp-bed7caf5-ad13\" id=\"gspb_container-id-gsbp-bed7caf5-ad13\">\n<div id=\"gspb_text-id-gsbp-bcb9b597-029f\" class=\"gspb_text gspb_text-id-gsbp-bcb9b597-029f figure-caption\">\u00a9 Ahmed Nasheed \/Earth Hour &#8211; Maldives<\/div>\n<\/div>\n\n\n\n<div class=\"wp-block-greenshift-blocks-container gspb_container gspb_container-gsbp-d0e3f443-a4f9\" id=\"gspb_container-id-gsbp-d0e3f443-a4f9\">\n<div class=\"wp-block-greenshift-blocks-container gspb_container gspb_container-gsbp-4589e161-4e83\" id=\"gspb_container-id-gsbp-4589e161-4e83\">\n<div class=\"wp-block-greenshift-blocks-image gspb_image gspb_image-id-gsbp-354e6755-0e2e\" id=\"gspb_image-id-gsbp-354e6755-0e2e\"><img decoding=\"async\" src=\"http:\/\/wwfbrand.panda.org\/wp-content\/uploads\/2023\/06\/section-solution-image@2x.jpg\" data-src=\"\" alt=\"\" loading=\"lazy\" width=\"1204\" height=\"671\"\/><\/div>\n\n\n\n<h2 id=\"gspb_heading-id-gsbp-a0f84339-41f1\" class=\"gspb_heading gspb_heading-id-gsbp-a0f84339-41f1 \">EXEMPLES DE MEILLEURES PRATIQUES<\/h2>\n\n\n\n<div class=\"wp-block-greenshift-blocks-button gspb_button_wrapper gspb_button-id-gsbp-12a40658-dbe0 wwf-button-main btn-lg btn-black\" id=\"gspb_button-id-gsbp-12a40658-dbe0\"><a class=\"gspb-buttonbox\" href=\"https:\/\/sites.google.com\/wwf.panda.org\/communications-marketing\/flagship-initiatives-events\" rel=\"noopener\"><span class=\"gspb-buttonbox-textwrap\"><span class=\"gspb-buttonbox-text\"><span class=\"gspb-buttonbox-title\">VISITER LE SITE COMMUNICATION ET MARKETING ><\/span><\/span><\/span><\/a><\/div>\n<\/div>\n<\/div>\n<\/div>\n<\/div>\n","protected":false},"excerpt":{"rendered":"","protected":false},"author":13,"featured_media":0,"parent":0,"menu_order":0,"comment_status":"closed","ping_status":"closed","template":"","meta":{"_acf_changed":false,"_gspb_post_css":".gspb_container-id-gsbp-01963959-c67e,.gspb_container-id-gsbp-1e345bb6-c27e,.gspb_container-id-gsbp-2c6102b0-28b1,.gspb_container-id-gsbp-4e3b3eef-d0c6,.gspb_container-id-gsbp-535659e0-2e94,.gspb_container-id-gsbp-6ef0f675-2166,.gspb_container-id-gsbp-7be1c4dc-ef5a,.gspb_container-id-gsbp-ab4ce6fd-6606,.gspb_container-id-gsbp-b1fc8472-3bd8,.gspb_container-id-gsbp-ed669bd5-2816,.gspb_container-id-gsbp-f225c6da-a3a5{flex-direction:column;box-sizing:border-box}#gspb_container-id-gsbp-00a47c90-f1e2.gspb_container>p:last-of-type,#gspb_container-id-gsbp-01963959-c67e.gspb_container>p:last-of-type,#gspb_container-id-gsbp-019d56e9-72bd.gspb_container>p:last-of-type,#gspb_container-id-gsbp-1e345bb6-c27e.gspb_container>p:last-of-type,#gspb_container-id-gsbp-25a6b502-477e.gspb_container>p:last-of-type,#gspb_container-id-gsbp-2c6102b0-28b1.gspb_container>p:last-of-type,#gspb_container-id-gsbp-2d29ed6e-f194.gspb_container>p:last-of-type,#gspb_container-id-gsbp-3999f9ef-e942.gspb_container>p:last-of-type,#gspb_container-id-gsbp-4589e161-4e83.gspb_container>p:last-of-type,#gspb_container-id-gsbp-4e3b3eef-d0c6.gspb_container>p:last-of-type,#gspb_container-id-gsbp-535659e0-2e94.gspb_container>p:last-of-type,#gspb_container-id-gsbp-6ef0f675-2166.gspb_container>p:last-of-type,#gspb_container-id-gsbp-7be1c4dc-ef5a.gspb_container>p:last-of-type,#gspb_container-id-gsbp-8a7099d7-363a.gspb_container>p:last-of-type,#gspb_container-id-gsbp-97a55951-6723.gspb_container>p:last-of-type,#gspb_container-id-gsbp-a9d2244f-7723.gspb_container>p:last-of-type,#gspb_container-id-gsbp-ab4ce6fd-6606.gspb_container>p:last-of-type,#gspb_container-id-gsbp-b1fc8472-3bd8.gspb_container>p:last-of-type,#gspb_container-id-gsbp-bed7caf5-ad13.gspb_container>p:last-of-type,#gspb_container-id-gsbp-d0e3f443-a4f9.gspb_container>p:last-of-type,#gspb_container-id-gsbp-ed669bd5-2816.gspb_container>p:last-of-type,#gspb_container-id-gsbp-f225c6da-a3a5.gspb_container>p:last-of-type{margin-bottom:0}#gspb_container-id-gsbp-01963959-c67e.gspb_container,#gspb_container-id-gsbp-f225c6da-a3a5.gspb_container{position:relative}#gspb_container-id-gsbp-01963959-c67e.gspb_container{display:flex;flex-direction:column;justify-content:flex-end;background-size:cover;background-repeat:no-repeat;background-position:50% 55%;background-image:url(http:\/\/wwfbrand.panda.org\/wp-content\/uploads\/2023\/06\/feature-tone-of-voice@2x-scaled.jpg);height:550px}#gspb_container-id-gsbp-01963959-c67e.gspb_container:hover,#gspb_container-id-gsbp-2c6102b0-28b1.gspb_container:hover{background-size:cover}#gspb_container-id-gsbp-b1fc8472-3bd8.gspb_container{position:relative;display:flex;justify-content:center;align-items:center;margin-right:auto;margin-left:auto;padding-top:100px;padding-bottom:50px;width:1140px}@media (max-width:991.98px){#gspb_container-id-gsbp-b1fc8472-3bd8.gspb_container{width:100%}}#gspb_container-id-gsbp-535659e0-2e94.gspb_container{position:relative}@media (max-width:767.98px){#gspb_container-id-gsbp-535659e0-2e94.gspb_container{padding-right:15px;padding-left:15px}}body.gspb-bodyfront #gspb_container-id-gsbp-535659e0-2e94.gspb_container{width:70%}@media (max-width:767.98px){body.gspb-bodyfront #gspb_container-id-gsbp-535659e0-2e94.gspb_container{width:100%}}#gspb_heading-id-gsbp-a5f5e9ec-8661,#gspb_heading-id-gsbp-a5f5e9ec-8661 .gsap-g-line{text-align:center!important}#gspb_heading-id-gsbp-a5f5e9ec-8661{color:var(--wp--preset--color--contrastcolor, #fffffe)}#gspb_container-id-gsbp-ed669bd5-2816.gspb_container{position:relative;padding-top:30px;padding-bottom:30px;background-color:var(--wp--preset--color--basecolor, #000001)}#gspb_container-id-gsbp-7be1c4dc-ef5a.gspb_container{position:relative;display:flex;justify-content:center;align-items:center;margin-right:auto;margin-left:auto;padding-right:15px;padding-left:15px;width:1140px}@media (max-width:991.98px){#gspb_container-id-gsbp-7be1c4dc-ef5a.gspb_container{width:100%}}#gspb_container-id-gsbp-6ef0f675-2166.gspb_container{position:relative}body.gspb-bodyfront #gspb_container-id-gsbp-6ef0f675-2166.gspb_container{width:80%}@media (max-width:991.98px){body.gspb-bodyfront #gspb_container-id-gsbp-6ef0f675-2166.gspb_container{width:90%}}@media (max-width:767.98px){body.gspb-bodyfront #gspb_container-id-gsbp-6ef0f675-2166.gspb_container{width:100%}}#gspb_heading-id-gsbp-b81da035-749b,#gspb_heading-id-gsbp-b81da035-749b .gsap-g-line{text-align:center!important}#gspb_heading-id-gsbp-b81da035-749b{color:var(--wp--preset--color--contrastcolor, #fffffe)}#gspb_container-id-gsbp-ab4ce6fd-6606.gspb_container{position:relative;display:grid;grid-template-columns:repeat(2,minmax(0,1fr))}@media (max-width:767.98px){#gspb_container-id-gsbp-ab4ce6fd-6606.gspb_container{grid-template-columns:repeat(1,minmax(0,1fr))}}#gspb_container-id-gsbp-2c6102b0-28b1.gspb_container{position:relative;margin-right:auto;margin-left:auto;padding-right:15px;padding-left:15px;background-size:cover;background-repeat:no-repeat;background-position:66% 49%;background-image:url(http:\/\/wwfbrand.panda.org\/wp-content\/uploads\/2023\/06\/section-singing.jpg)}body.gspb-bodyfront #gspb_container-id-gsbp-2c6102b0-28b1.gspb_container{width:100%}@media (max-width:767.98px){body.gspb-bodyfront #gspb_container-id-gsbp-2c6102b0-28b1.gspb_container{height:300px}}#gspb_container-id-gsbp-1e345bb6-c27e.gspb_container{position:relative;display:flex}body.gspb-bodyfront #gspb_container-id-gsbp-1e345bb6-c27e.gspb_container{align-self:start;width:80%;max-width:550px}@media (max-width:991.98px){body.gspb-bodyfront #gspb_container-id-gsbp-1e345bb6-c27e.gspb_container{width:100%}}#gspb_container-id-gsbp-4e3b3eef-d0c6.gspb_container{position:relative;font-family:OpenSan,sans-serif;text-align:left!important;margin-right:auto;margin-left:auto;padding-top:90px;padding-bottom:90px;padding-left:90px}#gspb_container-id-gsbp-4e3b3eef-d0c6.gspb_container .gsap-g-line{text-align:left!important}@media (max-width:991.98px){#gspb_container-id-gsbp-4e3b3eef-d0c6.gspb_container{padding:30px}}@media (max-width:767.98px){#gspb_container-id-gsbp-4e3b3eef-d0c6.gspb_container{padding:15px}#gspb_heading-id-gsbp-51998dc1-288c,#gspb_heading-id-gsbp-51998dc1-288c .gsap-g-line{text-align:center!important}}.gspb_text-id-gsbp-9cfa8557-0572{font-family:OpenSan,sans-serif}@media (max-width:767.98px){.gspb_text-id-gsbp-9cfa8557-0572,.gspb_text-id-gsbp-9cfa8557-0572 .gsap-g-line{text-align:center!important}}.gspb_container-id-gsbp-2d29ed6e-f194,.gspb_container-id-gsbp-3999f9ef-e942,.gspb_container-id-gsbp-8a7099d7-363a{flex-direction:column;box-sizing:border-box}#gspb_container-id-gsbp-3999f9ef-e942.gspb_container{position:relative;background-color:#e5e5e5}#gspb_container-id-gsbp-8a7099d7-363a.gspb_container{position:relative;display:grid;grid-template-columns:repeat(3,minmax(0,1fr));row-gap:30px;column-gap:30px}@media (max-width:767.98px){#gspb_container-id-gsbp-8a7099d7-363a.gspb_container{grid-template-columns:repeat(1,minmax(0,1fr))}}#gspb_container-id-gsbp-8a7099d7-363a.gspb_container{margin-right:auto;margin-left:auto;padding:90px 15px;width:1140px}@media (max-width:991.98px){#gspb_container-id-gsbp-8a7099d7-363a.gspb_container{width:100%}}#gspb_container-id-gsbp-2d29ed6e-f194.gspb_container{position:relative;display:flex;flex-direction:column;padding-right:30px;border-right-style:solid;border-right-width:1px;border-right-color:#fff}@media (max-width:991.98px){#gspb_container-id-gsbp-2d29ed6e-f194.gspb_container{border-right-style:null}}@media (max-width:767.98px){#gspb_container-id-gsbp-2d29ed6e-f194.gspb_container{border-right-style:none}#gspb_heading-id-gsbp-940a3bdf-31d3,#gspb_heading-id-gsbp-940a3bdf-31d3 .gsap-g-line{text-align:left!important}}.gspb_text-id-gsbp-9ebf161c-65ee,.gspb_text-id-gsbp-9ebf161c-65ee .gsap-g-line{text-align:left!important}@media (max-width:767.98px){.gspb_text-id-gsbp-9ebf161c-65ee,.gspb_text-id-gsbp-9ebf161c-65ee .gsap-g-line{text-align:left!important}}.gspb_text-id-gsbp-9ebf161c-65ee{padding-bottom:30px!important}.gspb_text-id-gsbp-e641c61b-a3b1,.gspb_text-id-gsbp-e641c61b-a3b1 .gsap-g-line{text-align:left!important}.gspb_text-id-gsbp-e641c61b-a3b1{padding-bottom:30px!important}.gspb_container-id-gsbp-019d56e9-72bd{flex-direction:column;box-sizing:border-box}#gspb_container-id-gsbp-019d56e9-72bd.gspb_container{position:relative;display:flex;flex-direction:column;padding-right:30px;border-right-style:solid;border-right-width:1px;border-right-color:#fff}@media (max-width:991.98px){#gspb_container-id-gsbp-019d56e9-72bd.gspb_container{border-right-style:null}}@media (max-width:767.98px){#gspb_container-id-gsbp-019d56e9-72bd.gspb_container{border-right-style:none}}.gspb_text-id-gsbp-85f65b1b-7953,.gspb_text-id-gsbp-85f65b1b-7953 .gsap-g-line{text-align:left!important}.gspb_text-id-gsbp-85f65b1b-7953{padding-bottom:30px!important}.gspb_text-id-gsbp-8943df16-fdb6,.gspb_text-id-gsbp-8943df16-fdb6 .gsap-g-line{text-align:left!important}.gspb_text-id-gsbp-8943df16-fdb6{padding-bottom:30px!important}.gspb_container-id-gsbp-a9d2244f-7723{flex-direction:column;box-sizing:border-box}#gspb_container-id-gsbp-a9d2244f-7723.gspb_container{position:relative;display:flex;flex-direction:column}.gspb_text-id-gsbp-3ef3042d-3ecb,.gspb_text-id-gsbp-3ef3042d-3ecb .gsap-g-line{text-align:left!important}.gspb_text-id-gsbp-3ef3042d-3ecb{padding-bottom:30px!important}.gspb_text-id-gsbp-329584e7-9975,.gspb_text-id-gsbp-329584e7-9975 .gsap-g-line{text-align:left!important}.gspb_text-id-gsbp-329584e7-9975{padding-bottom:30px!important}.gspb_container-id-gsbp-25a6b502-477e{flex-direction:column;box-sizing:border-box}#gspb_container-id-gsbp-25a6b502-477e.gspb_container{position:relative;display:flex;justify-content:center}body.gspb-bodyfront #gspb_container-id-gsbp-25a6b502-477e.gspb_container{grid-column:span 3}@media (max-width:767.98px){body.gspb-bodyfront #gspb_container-id-gsbp-25a6b502-477e.gspb_container{grid-column:span 1}}@media (max-width:991.98px){#gspb_container-id-gsbp-25a6b502-477e.gspb_container{flex-direction:column;justify-content:center;align-items:center}}.gspb_button-id-gsbp-e65e3369-1c72{display:flex;justify-content:flex-start}.gspb_button-id-gsbp-e65e3369-1c72 .gspb-buttonbox-text{display:flex;flex-direction:column}.gspb_button-id-gsbp-e65e3369-1c72>.gspb-buttonbox{display:inline-block;padding:13px 26px;background-color:#00d084;text-decoration:none!important;color:#fff;font-size:16px;line-height:16px;position:relative;z-index:0;cursor:pointer;box-sizing:border-box}.gspb_button-id-gsbp-e65e3369-1c72>.gspb-buttonbox>.gspb-buttonbox-textwrap>.gspb-buttonbox-icon{display:flex}.gspb_button-id-gsbp-e65e3369-1c72>.gspb-buttonbox .gspb-buttonbox-icon svg{height:35px!important;width:35px!important;min-width:35px!important;fill:var(--wp--preset--color--contrastcolor, #fffffe)!important;margin:0!important}.gspb_button-id-gsbp-e65e3369-1c72>.gspb-buttonbox .gspb-buttonbox-icon svg path{fill:var(--wp--preset--color--contrastcolor, #fffffe)!important}.gspb_button-id-gsbp-e65e3369-1c72>.gspb-buttonbox>.gspb-buttonbox-textwrap{display:flex;flex-direction:row;align-items:center}.gspb_button-id-gsbp-e65e3369-1c72 .gspb-buttonbox-icon{margin-left:13px}.gspb_button-id-gsbp-e65e3369-1c72>.gspb-buttonbox{background-color:var(--wp--preset--color--basecolor, #000001);font-family:WWF,sans-serif;font-size:1.71429rem;line-height:2.5rem}.gspb_container-id-gsbp-00a47c90-f1e2,.gspb_container-id-gsbp-4589e161-4e83,.gspb_container-id-gsbp-97a55951-6723,.gspb_container-id-gsbp-bed7caf5-ad13,.gspb_container-id-gsbp-d0e3f443-a4f9{flex-direction:column;box-sizing:border-box}#gspb_container-id-gsbp-00a47c90-f1e2.gspb_container{position:relative;background-size:cover;background-repeat:no-repeat}@media (max-width:991.98px){#gspb_container-id-gsbp-00a47c90-f1e2.gspb_container{background-position:50% 50%}}#gspb_container-id-gsbp-00a47c90-f1e2.gspb_container{background-image:url(http:\/\/wwfbrand.panda.org\/wp-content\/uploads\/2023\/06\/tone-of-voice-hugging@2x-scaled.jpg)}#gspb_container-id-gsbp-00a47c90-f1e2.gspb_container:hover,#gspb_container-id-gsbp-bed7caf5-ad13.gspb_container:hover{background-size:cover}body.gspb-bodyfront #gspb_container-id-gsbp-00a47c90-f1e2.gspb_container{height:100vh;max-height:1000px}@media (max-width:991.98px){body.gspb-bodyfront #gspb_container-id-gsbp-00a47c90-f1e2.gspb_container{height:50vh}}@media (max-width:767.98px){body.gspb-bodyfront #gspb_container-id-gsbp-00a47c90-f1e2.gspb_container{height:400px}}@media (max-width:575.98px){body.gspb-bodyfront #gspb_container-id-gsbp-00a47c90-f1e2.gspb_container{height:230px}}#gspb_container-id-gsbp-97a55951-6723.gspb_container{position:relative;display:grid;grid-template-columns:repeat(2,minmax(0,1fr))}@media (max-width:767.98px){#gspb_container-id-gsbp-97a55951-6723.gspb_container{grid-template-columns:repeat(1,minmax(0,1fr))}}#gspb_container-id-gsbp-bed7caf5-ad13.gspb_container{position:relative;margin-right:auto;margin-left:auto;padding-right:15px;padding-left:15px;background-size:cover;background-repeat:no-repeat;background-position:48% 17%;background-image:url(http:\/\/wwfbrand.panda.org\/wp-content\/uploads\/2023\/06\/section-solution@2x.jpg)}body.gspb-bodyfront #gspb_container-id-gsbp-bed7caf5-ad13.gspb_container{width:100%}@media (max-width:767.98px){body.gspb-bodyfront #gspb_container-id-gsbp-bed7caf5-ad13.gspb_container{height:300px}}#gspb_container-id-gsbp-d0e3f443-a4f9.gspb_container{position:relative;display:flex}body.gspb-bodyfront #gspb_container-id-gsbp-d0e3f443-a4f9.gspb_container{align-self:start;width:80%}@media (max-width:991.98px){body.gspb-bodyfront #gspb_container-id-gsbp-d0e3f443-a4f9.gspb_container{width:100%}}#gspb_container-id-gsbp-4589e161-4e83.gspb_container{position:relative;display:flex;flex-direction:column;justify-content:center;align-items:center;font-family:OpenSan,sans-serif;text-align:left!important;margin-right:auto;margin-left:auto;padding-top:90px;padding-bottom:90px;padding-left:90px}#gspb_container-id-gsbp-4589e161-4e83.gspb_container .gsap-g-line{text-align:left!important}@media (max-width:991.98px){#gspb_container-id-gsbp-4589e161-4e83.gspb_container{padding:30px}}@media (max-width:767.98px){#gspb_container-id-gsbp-4589e161-4e83.gspb_container{padding:15px}}#gspb_image-id-gsbp-354e6755-0e2e img{vertical-align:top;display:inline-block;box-sizing:border-box;max-width:100%;height:auto}#gspb_image-id-gsbp-354e6755-0e2e{padding-bottom:30px}#gspb_heading-id-gsbp-a0f84339-41f1,#gspb_heading-id-gsbp-a0f84339-41f1 .gsap-g-line{text-align:center!important}.gspb_button-id-gsbp-12a40658-dbe0{display:flex;justify-content:flex-start}.gspb_button-id-gsbp-12a40658-dbe0 .gspb-buttonbox-text{display:flex;flex-direction:column}.gspb_button-id-gsbp-12a40658-dbe0>.gspb-buttonbox{display:inline-block;padding:13px 26px;background-color:#00d084;text-decoration:none!important;color:#fff;font-size:16px;line-height:16px;position:relative;z-index:0;cursor:pointer;box-sizing:border-box;background-color:var(--wp--preset--color--basecolor, #000001);font-family:WWF,sans-serif;font-size:1.71429rem;line-height:2.5rem}","inline_featured_image":false,"footnotes":""},"categories":[],"tags":[],"class_list":["post-2700","page","type-page","status-publish","hentry"],"acf":[],"_links":{"self":[{"href":"https:\/\/wwfbrand.panda.org\/fr\/wp-json\/wp\/v2\/pages\/2700","targetHints":{"allow":["GET"]}}],"collection":[{"href":"https:\/\/wwfbrand.panda.org\/fr\/wp-json\/wp\/v2\/pages"}],"about":[{"href":"https:\/\/wwfbrand.panda.org\/fr\/wp-json\/wp\/v2\/types\/page"}],"author":[{"embeddable":true,"href":"https:\/\/wwfbrand.panda.org\/fr\/wp-json\/wp\/v2\/users\/13"}],"replies":[{"embeddable":true,"href":"https:\/\/wwfbrand.panda.org\/fr\/wp-json\/wp\/v2\/comments?post=2700"}],"version-history":[{"count":0,"href":"https:\/\/wwfbrand.panda.org\/fr\/wp-json\/wp\/v2\/pages\/2700\/revisions"}],"wp:attachment":[{"href":"https:\/\/wwfbrand.panda.org\/fr\/wp-json\/wp\/v2\/media?parent=2700"}],"wp:term":[{"taxonomy":"category","embeddable":true,"href":"https:\/\/wwfbrand.panda.org\/fr\/wp-json\/wp\/v2\/categories?post=2700"},{"taxonomy":"post_tag","embeddable":true,"href":"https:\/\/wwfbrand.panda.org\/fr\/wp-json\/wp\/v2\/tags?post=2700"}],"curies":[{"name":"wp","href":"https:\/\/api.w.org\/{rel}","templated":true}]}}